{"id":1301,"date":"2022-05-02T10:51:56","date_gmt":"2022-05-02T10:51:56","guid":{"rendered":"https:\/\/tvm.com.pt\/?post_type=product&#038;p=1301"},"modified":"2025-05-02T09:18:17","modified_gmt":"2025-05-02T09:18:17","slug":"primario-tt","status":"publish","type":"product","link":"https:\/\/tvm.com.pt\/index.php\/product\/primario-tt\/","title":{"rendered":"Prim\u00e1rio TT"},"content":{"rendered":"<p>Prim\u00e1rio de ader\u00eancia, em base aquosa para uma grande diversidade de substratos dif\u00edceis, tais como madeira, alum\u00ednio, chapa zincada, chapa galvanizada, cobre, fibrocimento, superf\u00edcies alqu\u00eddicas velhas, PVC r\u00edgido, cer\u00e2mica, azulejo (incluindo vitrificado).<\/p>\n","protected":false},"excerpt":{"rendered":"<p>Prim\u00e1rio de ader\u00eancia, em base aquosa para uma grande diversidade de substratos dif\u00edceis, tais como madeira, alum\u00ednio, chapa zincada, chapa galvanizada, cobre, fibrocimento, superf\u00edcies alqu\u00eddicas velhas, PVC r\u00edgido, cer\u00e2mica, azulejo (incluindo vitrificado).<\/p>\n","protected":false},"featured_media":1414,"comment_status":"open","ping_status":"closed","template":"","meta":{"spay_email":""},"product_cat":[41],"product_tag":[],"class_list":["post-1301","product","type-product","status-publish","has-post-thumbnail","hentry","product_cat-marilina"],"_links":{"self":[{"href":"https:\/\/tvm.com.pt\/index.php\/wp-json\/wp\/v2\/product\/1301","targetHints":{"allow":["GET"]}}],"collection":[{"href":"https:\/\/tvm.com.pt\/index.php\/wp-json\/wp\/v2\/product"}],"about":[{"href":"https:\/\/tvm.com.pt\/index.php\/wp-json\/wp\/v2\/types\/product"}],"replies":[{"embeddable":true,"href":"https:\/\/tvm.com.pt\/index.php\/wp-json\/wp\/v2\/comments?post=1301"}],"wp:featuredmedia":[{"embeddable":true,"href":"https:\/\/tvm.com.pt\/index.php\/wp-json\/wp\/v2\/media\/1414"}],"wp:attachment":[{"href":"https:\/\/tvm.com.pt\/index.php\/wp-json\/wp\/v2\/media?parent=1301"}],"wp:term":[{"taxonomy":"product_cat","embeddable":true,"href":"https:\/\/tvm.com.pt\/index.php\/wp-json\/wp\/v2\/product_cat?post=1301"},{"taxonomy":"product_tag","embeddable":true,"href":"https:\/\/tvm.com.pt\/index.php\/wp-json\/wp\/v2\/product_tag?post=1301"}],"curies":[{"name":"wp","href":"https:\/\/api.w.org\/{rel}","templated":true}]}}