{"id":1217,"date":"2022-05-02T08:26:34","date_gmt":"2022-05-02T08:26:34","guid":{"rendered":"https:\/\/tvm.com.pt\/index.php\/product\/velatura-aquosa\/"},"modified":"2024-07-10T06:45:33","modified_gmt":"2024-07-10T06:45:33","slug":"velatura-aquosa","status":"publish","type":"product","link":"https:\/\/tvm.com.pt\/index.php\/product\/velatura-aquosa\/","title":{"rendered":"Velatura aquosa"},"content":{"rendered":"<p>Velatura aquosa indicada para o embelezamento, prote\u00e7\u00e3o e conserva\u00e7\u00e3o de todo o tipo de madeiras. Repelente \u00e0 \u00e1gua. F\u00e1cil de aplicar. Preserva o aspeto natural da madeira. Prote\u00e7\u00e3o contra os raios UV. Excelente resist\u00eancia \u00e0 intemp\u00e9rie. Secagem r\u00e1pida. Prote\u00e7\u00e3o fungicida. Tecnologia Active Pro.<\/p>\n","protected":false},"excerpt":{"rendered":"<p>Velatura aquosa indicada para o embelezamento, prote\u00e7\u00e3o e conserva\u00e7\u00e3o de todo o tipo de madeiras. Repelente \u00e0 \u00e1gua. F\u00e1cil de aplicar. Preserva o aspeto natural da madeira. Prote\u00e7\u00e3o contra os raios UV. Excelente resist\u00eancia \u00e0 intemp\u00e9rie. Secagem r\u00e1pida. Prote\u00e7\u00e3o fungicida. Tecnologia Active Pro.<\/p>\n","protected":false},"featured_media":1424,"comment_status":"open","ping_status":"closed","template":"","meta":{"spay_email":""},"product_cat":[63],"product_tag":[],"class_list":["post-1217","product","type-product","status-publish","has-post-thumbnail","hentry","product_cat-bondex"],"_links":{"self":[{"href":"https:\/\/tvm.com.pt\/index.php\/wp-json\/wp\/v2\/product\/1217","targetHints":{"allow":["GET"]}}],"collection":[{"href":"https:\/\/tvm.com.pt\/index.php\/wp-json\/wp\/v2\/product"}],"about":[{"href":"https:\/\/tvm.com.pt\/index.php\/wp-json\/wp\/v2\/types\/product"}],"replies":[{"embeddable":true,"href":"https:\/\/tvm.com.pt\/index.php\/wp-json\/wp\/v2\/comments?post=1217"}],"wp:featuredmedia":[{"embeddable":true,"href":"https:\/\/tvm.com.pt\/index.php\/wp-json\/wp\/v2\/media\/1424"}],"wp:attachment":[{"href":"https:\/\/tvm.com.pt\/index.php\/wp-json\/wp\/v2\/media?parent=1217"}],"wp:term":[{"taxonomy":"product_cat","embeddable":true,"href":"https:\/\/tvm.com.pt\/index.php\/wp-json\/wp\/v2\/product_cat?post=1217"},{"taxonomy":"product_tag","embeddable":true,"href":"https:\/\/tvm.com.pt\/index.php\/wp-json\/wp\/v2\/product_tag?post=1217"}],"curies":[{"name":"wp","href":"https:\/\/api.w.org\/{rel}","templated":true}]}}