{"id":1173,"date":"2022-05-02T08:26:25","date_gmt":"2022-05-02T08:26:25","guid":{"rendered":"https:\/\/tvm.com.pt\/index.php\/product\/xps-poliestireno-extrudido\/"},"modified":"2022-05-03T08:46:08","modified_gmt":"2022-05-03T08:46:08","slug":"xps-poliestireno-extrudido","status":"publish","type":"product","link":"https:\/\/tvm.com.pt\/index.php\/product\/xps-poliestireno-extrudido\/","title":{"rendered":"XPS (POLIESTIRENO EXTRUDIDO)"},"content":{"rendered":"<p>As placas de poliestireno extrudido s\u00e3o altamente<br \/>\nresistentes \u00e0 absor\u00e7\u00e3o de \u00e1gua e a sua capilaridade \u00e9 nula. S\u00e3o muito resistentes \u00e0 difus\u00e3o do vapor de \u00e1gua e n\u00e3o s\u00e3o afetadas por ciclos repetidos de gelo-degelo.<\/p>\n","protected":false},"excerpt":{"rendered":"<p>As placas de poliestireno extrudido s\u00e3o altamente resistentes \u00e0 absor\u00e7\u00e3o de \u00e1gua e a sua capilaridade \u00e9 nula. S\u00e3o muito resistentes \u00e0 difus\u00e3o do vapor de \u00e1gua e n\u00e3o s\u00e3o afetadas por ciclos repetidos de gelo-degelo.<\/p>\n","protected":false},"featured_media":1455,"comment_status":"open","ping_status":"closed","template":"","meta":{"spay_email":""},"product_cat":[41],"product_tag":[],"class_list":["post-1173","product","type-product","status-publish","has-post-thumbnail","hentry","product_cat-marilina"],"_links":{"self":[{"href":"https:\/\/tvm.com.pt\/index.php\/wp-json\/wp\/v2\/product\/1173","targetHints":{"allow":["GET"]}}],"collection":[{"href":"https:\/\/tvm.com.pt\/index.php\/wp-json\/wp\/v2\/product"}],"about":[{"href":"https:\/\/tvm.com.pt\/index.php\/wp-json\/wp\/v2\/types\/product"}],"replies":[{"embeddable":true,"href":"https:\/\/tvm.com.pt\/index.php\/wp-json\/wp\/v2\/comments?post=1173"}],"wp:featuredmedia":[{"embeddable":true,"href":"https:\/\/tvm.com.pt\/index.php\/wp-json\/wp\/v2\/media\/1455"}],"wp:attachment":[{"href":"https:\/\/tvm.com.pt\/index.php\/wp-json\/wp\/v2\/media?parent=1173"}],"wp:term":[{"taxonomy":"product_cat","embeddable":true,"href":"https:\/\/tvm.com.pt\/index.php\/wp-json\/wp\/v2\/product_cat?post=1173"},{"taxonomy":"product_tag","embeddable":true,"href":"https:\/\/tvm.com.pt\/index.php\/wp-json\/wp\/v2\/product_tag?post=1173"}],"curies":[{"name":"wp","href":"https:\/\/api.w.org\/{rel}","templated":true}]}}