{"id":1171,"date":"2022-05-02T08:26:25","date_gmt":"2022-05-02T08:26:25","guid":{"rendered":"https:\/\/tvm.com.pt\/index.php\/product\/icb-aglomerado-de-cortica-expandida\/"},"modified":"2022-05-02T16:03:26","modified_gmt":"2022-05-02T16:03:26","slug":"icb-aglomerado-de-cortica-expandida","status":"publish","type":"product","link":"https:\/\/tvm.com.pt\/index.php\/product\/icb-aglomerado-de-cortica-expandida\/","title":{"rendered":"ICB (AGLOMERADO DE CORTI\u00c7A EXPANDIDA)"},"content":{"rendered":"<p>Com a tem\u00e1tica da sustentabilidade surge a necessidade de, tamb\u00e9m nos materiais de isolamento, promover a utiliza\u00e7\u00e3o daqueles que s\u00e3o ecologicamente sustent\u00e1veis e limpos. Aqui, e com<br \/>\num enquadramento perfeito nas caracter\u00edsticas<br \/>\nsupracitadas, surge o SISTEMA THERMINNOV CORK,<br \/>\nonde se utiliza o Aglomerado de Corti\u00e7a Expandida<br \/>\ncomo material isolante, composto por gr\u00e2nulos de<br \/>\ncorti\u00e7a, compactados em autoclave e aglutinados com a pr\u00f3pria resina. Sem aditivos nem colas<br \/>\nsint\u00e9ticas, apresenta-se como um material 100%<br \/>\nrecicl\u00e1vel e reutiliz\u00e1vel<\/p>\n","protected":false},"excerpt":{"rendered":"<p>Com a tem\u00e1tica da sustentabilidade surge a necessidade de, tamb\u00e9m nos materiais de isolamento, promover a utiliza\u00e7\u00e3o daqueles que s\u00e3o ecologicamente sustent\u00e1veis e limpos. Aqui, e com um enquadramento perfeito nas caracter\u00edsticas supracitadas, surge o SISTEMA THERMINNOV CORK, onde se utiliza o Aglomerado de Corti\u00e7a Expandida como material isolante, composto por gr\u00e2nulos de corti\u00e7a, compactados&#8230;<\/p>\n","protected":false},"featured_media":1379,"comment_status":"open","ping_status":"closed","template":"","meta":{"spay_email":""},"product_cat":[41],"product_tag":[],"class_list":["post-1171","product","type-product","status-publish","has-post-thumbnail","hentry","product_cat-marilina"],"_links":{"self":[{"href":"https:\/\/tvm.com.pt\/index.php\/wp-json\/wp\/v2\/product\/1171","targetHints":{"allow":["GET"]}}],"collection":[{"href":"https:\/\/tvm.com.pt\/index.php\/wp-json\/wp\/v2\/product"}],"about":[{"href":"https:\/\/tvm.com.pt\/index.php\/wp-json\/wp\/v2\/types\/product"}],"replies":[{"embeddable":true,"href":"https:\/\/tvm.com.pt\/index.php\/wp-json\/wp\/v2\/comments?post=1171"}],"wp:featuredmedia":[{"embeddable":true,"href":"https:\/\/tvm.com.pt\/index.php\/wp-json\/wp\/v2\/media\/1379"}],"wp:attachment":[{"href":"https:\/\/tvm.com.pt\/index.php\/wp-json\/wp\/v2\/media?parent=1171"}],"wp:term":[{"taxonomy":"product_cat","embeddable":true,"href":"https:\/\/tvm.com.pt\/index.php\/wp-json\/wp\/v2\/product_cat?post=1171"},{"taxonomy":"product_tag","embeddable":true,"href":"https:\/\/tvm.com.pt\/index.php\/wp-json\/wp\/v2\/product_tag?post=1171"}],"curies":[{"name":"wp","href":"https:\/\/api.w.org\/{rel}","templated":true}]}}