{"id":1111,"date":"2022-05-02T08:26:07","date_gmt":"2022-05-02T08:26:07","guid":{"rendered":"https:\/\/tvm.com.pt\/index.php\/product\/tinta-linaflex\/"},"modified":"2022-05-02T16:03:22","modified_gmt":"2022-05-02T16:03:22","slug":"tinta-linaflex","status":"publish","type":"product","link":"https:\/\/tvm.com.pt\/index.php\/product\/tinta-linaflex\/","title":{"rendered":"Tinta Linaflex"},"content":{"rendered":"<p>Tinta flex\u00edvel de elevada qualidade, baseada numa dispers\u00e3o aquosa de pol\u00edmeros acr\u00edlicos para a pintura de fechadas com elevada elasticidade e durabilidade no exterior.<\/p>\n","protected":false},"excerpt":{"rendered":"<p>Tinta flex\u00edvel de elevada qualidade, baseada numa dispers\u00e3o aquosa de pol\u00edmeros acr\u00edlicos para a pintura de fechadas com elevada elasticidade e durabilidade no exterior.<\/p>\n","protected":false},"featured_media":1322,"comment_status":"open","ping_status":"closed","template":"","meta":{"spay_email":""},"product_cat":[41],"product_tag":[],"class_list":["post-1111","product","type-product","status-publish","has-post-thumbnail","hentry","product_cat-marilina"],"_links":{"self":[{"href":"https:\/\/tvm.com.pt\/index.php\/wp-json\/wp\/v2\/product\/1111","targetHints":{"allow":["GET"]}}],"collection":[{"href":"https:\/\/tvm.com.pt\/index.php\/wp-json\/wp\/v2\/product"}],"about":[{"href":"https:\/\/tvm.com.pt\/index.php\/wp-json\/wp\/v2\/types\/product"}],"replies":[{"embeddable":true,"href":"https:\/\/tvm.com.pt\/index.php\/wp-json\/wp\/v2\/comments?post=1111"}],"wp:featuredmedia":[{"embeddable":true,"href":"https:\/\/tvm.com.pt\/index.php\/wp-json\/wp\/v2\/media\/1322"}],"wp:attachment":[{"href":"https:\/\/tvm.com.pt\/index.php\/wp-json\/wp\/v2\/media?parent=1111"}],"wp:term":[{"taxonomy":"product_cat","embeddable":true,"href":"https:\/\/tvm.com.pt\/index.php\/wp-json\/wp\/v2\/product_cat?post=1111"},{"taxonomy":"product_tag","embeddable":true,"href":"https:\/\/tvm.com.pt\/index.php\/wp-json\/wp\/v2\/product_tag?post=1111"}],"curies":[{"name":"wp","href":"https:\/\/api.w.org\/{rel}","templated":true}]}}