{"id":1103,"date":"2022-05-02T08:26:06","date_gmt":"2022-05-02T08:26:06","guid":{"rendered":"https:\/\/tvm.com.pt\/index.php\/product\/tinta-ardosia\/"},"modified":"2022-05-02T16:03:21","modified_gmt":"2022-05-02T16:03:21","slug":"linaqua-acrilica-pura-2","status":"publish","type":"product","link":"https:\/\/tvm.com.pt\/index.php\/product\/linaqua-acrilica-pura-2\/","title":{"rendered":"Lin\u00e1qua acr\u00edlica pura"},"content":{"rendered":"<p>Tinta de elevada qualidade, baseada numa dispers\u00e3o aquosa 100% acr\u00edlica. Excelente rendimento. Excelente resist\u00eancia ao envelhecimento natural. Permabilidade ao vapor de \u00e1gua.<\/p>\n","protected":false},"excerpt":{"rendered":"<p>Tinta de elevada qualidade, baseada numa dispers\u00e3o aquosa 100% acr\u00edlica. Excelente rendimento. Excelente resist\u00eancia ao envelhecimento natural. Permabilidade ao vapor de \u00e1gua.<\/p>\n","protected":false},"featured_media":1420,"comment_status":"open","ping_status":"closed","template":"","meta":{"spay_email":""},"product_cat":[41],"product_tag":[],"class_list":["post-1103","product","type-product","status-publish","has-post-thumbnail","hentry","product_cat-marilina"],"_links":{"self":[{"href":"https:\/\/tvm.com.pt\/index.php\/wp-json\/wp\/v2\/product\/1103","targetHints":{"allow":["GET"]}}],"collection":[{"href":"https:\/\/tvm.com.pt\/index.php\/wp-json\/wp\/v2\/product"}],"about":[{"href":"https:\/\/tvm.com.pt\/index.php\/wp-json\/wp\/v2\/types\/product"}],"replies":[{"embeddable":true,"href":"https:\/\/tvm.com.pt\/index.php\/wp-json\/wp\/v2\/comments?post=1103"}],"wp:featuredmedia":[{"embeddable":true,"href":"https:\/\/tvm.com.pt\/index.php\/wp-json\/wp\/v2\/media\/1420"}],"wp:attachment":[{"href":"https:\/\/tvm.com.pt\/index.php\/wp-json\/wp\/v2\/media?parent=1103"}],"wp:term":[{"taxonomy":"product_cat","embeddable":true,"href":"https:\/\/tvm.com.pt\/index.php\/wp-json\/wp\/v2\/product_cat?post=1103"},{"taxonomy":"product_tag","embeddable":true,"href":"https:\/\/tvm.com.pt\/index.php\/wp-json\/wp\/v2\/product_tag?post=1103"}],"curies":[{"name":"wp","href":"https:\/\/api.w.org\/{rel}","templated":true}]}}